{"id":80,"date":"2021-03-02T14:50:28","date_gmt":"2021-03-02T14:50:28","guid":{"rendered":"http:\/\/antenasnavarra.es\/?page_id=80"},"modified":"2026-02-25T11:33:22","modified_gmt":"2026-02-25T10:33:22","slug":"fibraymovil","status":"publish","type":"page","link":"https:\/\/antenasnavarra.es\/index.php\/fibraymovil\/","title":{"rendered":"Fibra&#038;M\u00f3vil"},"content":{"rendered":"\n\t<section class=\"section\" id=\"section_2090505790\">\n\t\t<div class=\"bg section-bg fill bg-fill  bg-loaded\" >\n\n\t\t\t\n\t\t\t\n\t\t\t\n\n\t\t<\/div>\n\n\t\t<div class=\"section-content relative\">\n\t\t\t\n\n<div class=\"row\"  id=\"row-666286741\">\n\n\n\t<div id=\"col-971374180\" class=\"col small-12 large-12\"  >\n\t\t<div class=\"col-inner text-center\"  >\n\t\t\t\n\t\t\t\n\n\t<div id=\"text-3730928086\" class=\"text\">\n\t\t\n\n<h1>PACKS FIBRA&amp;M\u00d3VIL<\/h1>\n\t\t\n<style>\n#text-3730928086 {\n  font-size: 1.25rem;\n  color: rgb(255,255,255);\n}\n#text-3730928086 > * {\n  color: rgb(255,255,255);\n}\n<\/style>\n\t<\/div>\n\t\n\n\t\t<\/div>\n\t\t\t<\/div>\n\n\t\n\n<\/div>\n<div class=\"row row-small align-equal align-center\"  id=\"row-1369330005\">\n\n\n\t<div id=\"col-432714152\" class=\"col medium-4 small-12 large-4\"  data-animate=\"bounceInDown\">\n\t\t<div class=\"col-inner text-center\"  >\n\t\t\t\n\t\t\t\n\n\t<div id=\"text-140824951\" class=\"text\">\n\t\t\n\n<h3>FIBRA 600MB<\/h3>\n<h3>30 GB DATOS M\u00d3VILES<\/h3>\n<h4><strong><span style=\"font-size: 300%;\">23,90\u20ac<\/span><\/strong><\/h4>\n<p>\/mes IVA inc.<\/p>\n\t\t\n<style>\n#text-140824951 {\n  font-size: 1rem;\n  color: rgb(0,0,0);\n}\n#text-140824951 > * {\n  color: rgb(0,0,0);\n}\n<\/style>\n\t<\/div>\n\t\n<div class=\"is-divider divider clearfix\" style=\"margin-top:5px;margin-bottom:5px;max-width:80%;height:2px;background-color:rgb(254, 215, 80);\"><\/div>\n\n\t<div id=\"gap-1054470856\" class=\"gap-element clearfix\" style=\"display:block; height:auto;\">\n\t\t\n<style>\n#gap-1054470856 {\n  padding-top: 10px;\n}\n<\/style>\n\t<\/div>\n\t\n\n\n\t\t<\/div>\n\t\t\t<\/div>\n\n\t\n\n\t<div id=\"col-1572828034\" class=\"col medium-4 small-12 large-4\"  data-animate=\"fadeInDown\">\n\t\t<div class=\"col-inner text-center\"  >\n\t\t\t\n\t\t\t\n\n\t<div id=\"text-3050766333\" class=\"text\">\n\t\t\n\n<h3>FIBRA 600MB<\/h3>\n<h3>55 GB DATOS M\u00d3VILES<\/h3>\n<h4><strong><span style=\"font-size: 300%;\">24,90\u20ac<\/span><\/strong><\/h4>\n<p>\/mes IVA inc.<\/p>\n\t\t\n<style>\n#text-3050766333 {\n  font-size: 1rem;\n  color: rgb(0,0,0);\n}\n#text-3050766333 > * {\n  color: rgb(0,0,0);\n}\n<\/style>\n\t<\/div>\n\t\n<div class=\"is-divider divider clearfix\" style=\"margin-top:5px;margin-bottom:5px;max-width:80%;height:2px;background-color:rgb(254, 215, 80);\"><\/div>\n\n\t<div id=\"gap-521612859\" class=\"gap-element clearfix\" style=\"display:block; height:auto;\">\n\t\t\n<style>\n#gap-521612859 {\n  padding-top: 10px;\n}\n<\/style>\n\t<\/div>\n\t\n\n\n\t\t<\/div>\n\t\t\t<\/div>\n\n\t\n\n\t<div id=\"col-830827530\" class=\"col medium-4 small-12 large-4\"  data-animate=\"fadeInDown\">\n\t\t<div class=\"col-inner text-center\"  >\n\t\t\t\n\t\t\t\n\n\t<div id=\"text-2454380843\" class=\"text\">\n\t\t\n\n<h3>FIBRA 600MB<\/h3>\n<h3>150 GB DATOS M\u00d3VILES<\/h3>\n<h4><strong><span style=\"font-size: 300%;\">26,90\u20ac<\/span><\/strong><\/h4>\n<p>\/mes IVA inc.<\/p>\n\t\t\n<style>\n#text-2454380843 {\n  font-size: 1rem;\n  color: rgb(0,0,0);\n}\n#text-2454380843 > * {\n  color: rgb(0,0,0);\n}\n<\/style>\n\t<\/div>\n\t\n<div class=\"is-divider divider clearfix\" style=\"margin-top:5px;margin-bottom:5px;max-width:80%;height:2px;background-color:rgb(254, 215, 80);\"><\/div>\n\n\t<div id=\"gap-704060531\" class=\"gap-element clearfix\" style=\"display:block; height:auto;\">\n\t\t\n<style>\n#gap-704060531 {\n  padding-top: 10px;\n}\n<\/style>\n\t<\/div>\n\t\n\n\n\t\t<\/div>\n\t\t\t<\/div>\n\n\t\n\n\t<div id=\"col-205157958\" class=\"col medium-4 small-12 large-4\"  data-animate=\"fadeInDown\">\n\t\t<div class=\"col-inner text-center\"  >\n\t\t\t\n\t\t\t\n\n\t<div id=\"text-2673210014\" class=\"text\">\n\t\t\n\n<h3>FIBRA 600MB<\/h3>\n<h3>DATOS M\u00d3VILES ILIMITADOS<\/h3>\n<h4><strong><span style=\"font-size: 300%;\">27,90\u20ac<\/span><\/strong><\/h4>\n<p>\/mes IVA inc.<\/p>\n\t\t\n<style>\n#text-2673210014 {\n  font-size: 1rem;\n  color: rgb(0,0,0);\n}\n#text-2673210014 > * {\n  color: rgb(0,0,0);\n}\n<\/style>\n\t<\/div>\n\t\n<div class=\"is-divider divider clearfix\" style=\"margin-top:5px;margin-bottom:5px;max-width:80%;height:2px;background-color:rgb(254, 215, 80);\"><\/div>\n\n\t<div id=\"gap-1799464926\" class=\"gap-element clearfix\" style=\"display:block; height:auto;\">\n\t\t\n<style>\n#gap-1799464926 {\n  padding-top: 10px;\n}\n<\/style>\n\t<\/div>\n\t\n\n\n\t\t<\/div>\n\t\t\t<\/div>\n\n\t\n\n\t<div id=\"col-475848563\" class=\"col medium-4 small-12 large-4\"  data-animate=\"fadeInDown\">\n\t\t<div class=\"col-inner text-center\"  >\n\t\t\t\n\t\t\t\n\n\t<div id=\"text-3826422914\" class=\"text\">\n\t\t\n\n<h3>FIBRA 600MB<\/h3>\n<h3>2 X 50GB DATOS M\u00d3VILES<\/h3>\n<h4><strong><span style=\"font-size: 300%;\">25,00\u20ac<\/span><\/strong><\/h4>\n<p>\/mes IVA inc.<\/p>\n\t\t\n<style>\n#text-3826422914 {\n  font-size: 1rem;\n  color: rgb(0,0,0);\n}\n#text-3826422914 > * {\n  color: rgb(0,0,0);\n}\n<\/style>\n\t<\/div>\n\t\n<div class=\"is-divider divider clearfix\" style=\"margin-top:5px;margin-bottom:5px;max-width:80%;height:2px;background-color:rgb(254, 215, 80);\"><\/div>\n\n\t<div id=\"gap-44281104\" class=\"gap-element clearfix\" style=\"display:block; height:auto;\">\n\t\t\n<style>\n#gap-44281104 {\n  padding-top: 10px;\n}\n<\/style>\n\t<\/div>\n\t\n\n\n\t\t<\/div>\n\t\t\t<\/div>\n\n\t\n\n\t<div id=\"col-1317389782\" class=\"col medium-4 small-12 large-4\"  data-animate=\"bounceInDown\">\n\t\t<div class=\"col-inner text-center\"  >\n\t\t\t\n\t\t\t\n\n\t<div id=\"text-506416965\" class=\"text\">\n\t\t\n\n<h3>FIBRA 1GB<\/h3>\n<h3>30 GB DATOS M\u00d3VILES<\/h3>\n<h4><strong><span style=\"font-size: 300%;\">25,90\u20ac<\/span><\/strong><\/h4>\n<p>\/mes IVA inc.<\/p>\n\t\t\n<style>\n#text-506416965 {\n  font-size: 1rem;\n  color: rgb(0,0,0);\n}\n#text-506416965 > * {\n  color: rgb(0,0,0);\n}\n<\/style>\n\t<\/div>\n\t\n<div class=\"is-divider divider clearfix\" style=\"margin-top:5px;margin-bottom:5px;max-width:80%;height:2px;background-color:rgb(254, 215, 80);\"><\/div>\n\n\t<div id=\"gap-360871487\" class=\"gap-element clearfix\" style=\"display:block; height:auto;\">\n\t\t\n<style>\n#gap-360871487 {\n  padding-top: 10px;\n}\n<\/style>\n\t<\/div>\n\t\n\n\n\t\t<\/div>\n\t\t\t<\/div>\n\n\t\n\n\t<div id=\"col-659692694\" class=\"col medium-4 small-12 large-4\"  data-animate=\"bounceInDown\">\n\t\t<div class=\"col-inner text-center\"  >\n\t\t\t\n\t\t\t\n\n\t<div id=\"text-3334288706\" class=\"text\">\n\t\t\n\n<h3>FIBRA 1GB<\/h3>\n<h3>55 GB DATOS M\u00d3VILES<\/h3>\n<h4><strong><span style=\"font-size: 300%;\">26,90\u20ac<\/span><\/strong><\/h4>\n<p>\/mes IVA inc.<\/p>\n\t\t\n<style>\n#text-3334288706 {\n  font-size: 1rem;\n  color: rgb(0,0,0);\n}\n#text-3334288706 > * {\n  color: rgb(0,0,0);\n}\n<\/style>\n\t<\/div>\n\t\n<div class=\"is-divider divider clearfix\" style=\"margin-top:5px;margin-bottom:5px;max-width:80%;height:2px;background-color:rgb(254, 215, 80);\"><\/div>\n\n\t<div id=\"gap-620712374\" class=\"gap-element clearfix\" style=\"display:block; height:auto;\">\n\t\t\n<style>\n#gap-620712374 {\n  padding-top: 10px;\n}\n<\/style>\n\t<\/div>\n\t\n\n\n\t\t<\/div>\n\t\t\t<\/div>\n\n\t\n\n\t<div id=\"col-957370907\" class=\"col medium-4 small-12 large-4\"  data-animate=\"bounceInDown\">\n\t\t<div class=\"col-inner text-center\"  >\n\t\t\t\n\t\t\t\n\n\t<div id=\"text-1851301500\" class=\"text\">\n\t\t\n\n<h3>FIBRA 1GB<\/h3>\n<h3>150 GB DATOS M\u00d3VILES<\/h3>\n<h4><strong><span style=\"font-size: 300%;\">28,90\u20ac<\/span><\/strong><\/h4>\n<p>\/mes IVA inc.<\/p>\n\t\t\n<style>\n#text-1851301500 {\n  font-size: 1rem;\n  color: rgb(0,0,0);\n}\n#text-1851301500 > * {\n  color: rgb(0,0,0);\n}\n<\/style>\n\t<\/div>\n\t\n<div class=\"is-divider divider clearfix\" style=\"margin-top:5px;margin-bottom:5px;max-width:80%;height:2px;background-color:rgb(254, 215, 80);\"><\/div>\n\n\t<div id=\"gap-142883034\" class=\"gap-element clearfix\" style=\"display:block; height:auto;\">\n\t\t\n<style>\n#gap-142883034 {\n  padding-top: 10px;\n}\n<\/style>\n\t<\/div>\n\t\n\n\n\t\t<\/div>\n\t\t\t<\/div>\n\n\t\n\n\t<div id=\"col-465915750\" class=\"col medium-4 small-12 large-4\"  data-animate=\"bounceInDown\">\n\t\t<div class=\"col-inner text-center\"  >\n\t\t\t\n\t\t\t\n\n\t<div id=\"text-525145974\" class=\"text\">\n\t\t\n\n<h3>FIBRA 1GB<\/h3>\n<h3>DATOS M\u00d3VILES ILIMITADOS<\/h3>\n<h4><strong><span style=\"font-size: 300%;\">29,90\u20ac<\/span><\/strong><\/h4>\n<p>\/mes IVA inc.<\/p>\n\t\t\n<style>\n#text-525145974 {\n  font-size: 1rem;\n  color: rgb(0,0,0);\n}\n#text-525145974 > * {\n  color: rgb(0,0,0);\n}\n<\/style>\n\t<\/div>\n\t\n<div class=\"is-divider divider clearfix\" style=\"margin-top:5px;margin-bottom:5px;max-width:80%;height:2px;background-color:rgb(254, 215, 80);\"><\/div>\n\n\t<div id=\"gap-1322045057\" class=\"gap-element clearfix\" style=\"display:block; height:auto;\">\n\t\t\n<style>\n#gap-1322045057 {\n  padding-top: 10px;\n}\n<\/style>\n\t<\/div>\n\t\n\n\n\t\t<\/div>\n\t\t\t<\/div>\n\n\t\n\n\t<div id=\"col-1391115945\" class=\"col medium-4 small-12 large-4\"  data-animate=\"bounceInDown\">\n\t\t<div class=\"col-inner text-center\"  >\n\t\t\t\n\t\t\t\n\n\t<div id=\"text-2785533703\" class=\"text\">\n\t\t\n\n<h3>FIBRA 1GB<\/h3>\n<h3>2 X 30GB DATOS M\u00d3VILES<\/h3>\n<h4><strong><span style=\"font-size: 300%;\">30,00\u20ac<\/span><\/strong><\/h4>\n<p>\/mes IVA inc.<\/p>\n\t\t\n<style>\n#text-2785533703 {\n  font-size: 1rem;\n  color: rgb(0,0,0);\n}\n#text-2785533703 > * {\n  color: rgb(0,0,0);\n}\n<\/style>\n\t<\/div>\n\t\n<div class=\"is-divider divider clearfix\" style=\"margin-top:5px;margin-bottom:5px;max-width:80%;height:2px;background-color:rgb(254, 215, 80);\"><\/div>\n\n\t<div id=\"gap-602055169\" class=\"gap-element clearfix\" style=\"display:block; height:auto;\">\n\t\t\n<style>\n#gap-602055169 {\n  padding-top: 10px;\n}\n<\/style>\n\t<\/div>\n\t\n\n\n\t\t<\/div>\n\t\t\t<\/div>\n\n\t\n\n\n<style>\n#row-1369330005 > .col > .col-inner {\n  padding: 10px 10px 10px 10px;\n  background-color: rgb(255,255,255);\n}\n<\/style>\n<\/div>\n\n\t\t<\/div>\n\n\t\t\n<style>\n#section_2090505790 {\n  padding-top: 10px;\n  padding-bottom: 10px;\n  background-color: rgb(39, 54, 71);\n}\n<\/style>\n\t<\/section>\n\t\n\t<div id=\"gap-1197523717\" class=\"gap-element clearfix\" style=\"display:block; height:auto;\">\n\t\t\n<style>\n#gap-1197523717 {\n  padding-top: 30px;\n}\n<\/style>\n\t<\/div>\n\t\n\n\t<section class=\"section\" id=\"section_1820365711\">\n\t\t<div class=\"bg section-bg fill bg-fill  bg-loaded\" >\n\n\t\t\t\n\t\t\t\n\t\t\t\n\n\t\t<\/div>\n\n\t\t<div class=\"section-content relative\">\n\t\t\t\n\n<div class=\"row\"  id=\"row-1297138494\">\n\n\n\t<div id=\"col-2140490467\" class=\"col small-12 large-12\"  >\n\t\t<div class=\"col-inner text-center\"  >\n\t\t\t\n\t\t\t\n\n\t<div id=\"text-723864483\" class=\"text\">\n\t\t\n\n<h1>M\u00d3VIL<\/h1>\n\t\t\n<style>\n#text-723864483 {\n  font-size: 1.25rem;\n  color: rgb(255,255,255);\n}\n#text-723864483 > * {\n  color: rgb(255,255,255);\n}\n<\/style>\n\t<\/div>\n\t\n\n\t\t<\/div>\n\t\t\t<\/div>\n\n\t\n\n<\/div>\n<div class=\"row row-small align-equal align-center\"  id=\"row-1476764969\">\n\n\n\t<div id=\"col-2113184508\" class=\"col medium-4 small-12 large-4\"  data-animate=\"bounceInDown\">\n\t\t<div class=\"col-inner text-center\"  >\n\t\t\t\n\t\t\t\n\n\t<div id=\"text-3648319389\" class=\"text\">\n\t\t\n\n<h3>GB ILIMITADOS<\/h3>\n<h3>LLAMADAS ILIMITADAS<\/h3>\n<h4><strong><span style=\"font-size: 300%;\">14,90\u20ac<\/span><\/strong><\/h4>\n<p>\/mes IVA inc.<\/p>\n\t\t\n<style>\n#text-3648319389 {\n  font-size: 1rem;\n  color: rgb(0,0,0);\n}\n#text-3648319389 > * {\n  color: rgb(0,0,0);\n}\n@media (min-width:850px) {\n  #text-3648319389 {\n    font-size: 1rem;\n  }\n}\n<\/style>\n\t<\/div>\n\t\n<div class=\"is-divider divider clearfix\" style=\"margin-top:5px;margin-bottom:5px;max-width:80%;height:2px;background-color:rgb(254, 215, 80);\"><\/div>\n\n\t<div id=\"gap-1827233322\" class=\"gap-element clearfix\" style=\"display:block; height:auto;\">\n\t\t\n<style>\n#gap-1827233322 {\n  padding-top: 10px;\n}\n<\/style>\n\t<\/div>\n\t\n\n\n\t\t<\/div>\n\t\t\t<\/div>\n\n\t\n\n\t<div id=\"col-290004803\" class=\"col medium-4 small-12 large-4\"  data-animate=\"bounceInDown\">\n\t\t<div class=\"col-inner text-center\"  >\n\t\t\t\n\t\t\t\n\n\t<div id=\"text-2055721142\" class=\"text\">\n\t\t\n\n<h3>10 GB DATOS M\u00d3VILES<\/h3>\n<h3>LLAMADAS ILIMITADAS<\/h3>\n<h4><strong><span style=\"font-size: 300%;\">5,90\u20ac<\/span><\/strong><\/h4>\n<p>\/mes IVA inc.<\/p>\n\t\t\n<style>\n#text-2055721142 {\n  font-size: 1rem;\n  color: rgb(0,0,0);\n}\n#text-2055721142 > * {\n  color: rgb(0,0,0);\n}\n<\/style>\n\t<\/div>\n\t\n<div class=\"is-divider divider clearfix\" style=\"margin-top:5px;margin-bottom:5px;max-width:80%;height:2px;background-color:rgb(254, 215, 80);\"><\/div>\n\n\t<div id=\"gap-1459183812\" class=\"gap-element clearfix\" style=\"display:block; height:auto;\">\n\t\t\n<style>\n#gap-1459183812 {\n  padding-top: 10px;\n}\n<\/style>\n\t<\/div>\n\t\n\n\n\t\t<\/div>\n\t\t\t<\/div>\n\n\t\n\n\t<div id=\"col-154172171\" class=\"col medium-4 small-12 large-4\"  data-animate=\"fadeInDown\">\n\t\t<div class=\"col-inner text-center\"  >\n\t\t\t\n\t\t\t\n\n\t<div id=\"text-3706791391\" class=\"text\">\n\t\t\n\n<h3>150 GB DATOS M\u00d3VILES<\/h3>\n<h3>LLAMADAS ILIMITADAS<\/h3>\n<h4><strong><span style=\"font-size: 300%;\">13<\/span><\/strong><strong><span style=\"font-size: 300%;\">,90\u20ac<\/span><\/strong><\/h4>\n<p>\/mes IVA inc.<\/p>\n\t\t\n<style>\n#text-3706791391 {\n  font-size: 1rem;\n  color: rgb(0,0,0);\n}\n#text-3706791391 > * {\n  color: rgb(0,0,0);\n}\n<\/style>\n\t<\/div>\n\t\n<div class=\"is-divider divider clearfix\" style=\"margin-top:5px;margin-bottom:5px;max-width:80%;height:2px;background-color:rgb(254, 215, 80);\"><\/div>\n\n\t<div id=\"gap-1993377257\" class=\"gap-element clearfix\" style=\"display:block; height:auto;\">\n\t\t\n<style>\n#gap-1993377257 {\n  padding-top: 10px;\n}\n<\/style>\n\t<\/div>\n\t\n\n\n\t\t<\/div>\n\t\t\t<\/div>\n\n\t\n\n\t<div id=\"col-466035809\" class=\"col medium-4 small-12 large-4\"  data-animate=\"fadeInDown\">\n\t\t<div class=\"col-inner text-center\"  >\n\t\t\t\n\t\t\t\n\n\t<div id=\"text-4267077881\" class=\"text\">\n\t\t\n\n<h3>30 GB DATOS M\u00d3VILES<\/h3>\n<h3>LLAMADAS ILIMITADAS<\/h3>\n<h4><strong><span style=\"font-size: 300%;\">7,90\u20ac<\/span><\/strong><\/h4>\n<p>\/mes IVA inc.<\/p>\n\t\t\n<style>\n#text-4267077881 {\n  font-size: 1rem;\n  color: rgb(0,0,0);\n}\n#text-4267077881 > * {\n  color: rgb(0,0,0);\n}\n<\/style>\n\t<\/div>\n\t\n<div class=\"is-divider divider clearfix\" style=\"margin-top:5px;margin-bottom:5px;max-width:80%;height:2px;background-color:rgb(254, 215, 80);\"><\/div>\n\n\t<div id=\"gap-1222424779\" class=\"gap-element clearfix\" style=\"display:block; height:auto;\">\n\t\t\n<style>\n#gap-1222424779 {\n  padding-top: 10px;\n}\n<\/style>\n\t<\/div>\n\t\n\n\n\t\t<\/div>\n\t\t\t<\/div>\n\n\t\n\n\t<div id=\"col-2061408272\" class=\"col medium-4 small-12 large-4\"  data-animate=\"fadeInDown\">\n\t\t<div class=\"col-inner text-center\"  >\n\t\t\t\n\t\t\t\n\n\t<div id=\"text-2376667025\" class=\"text\">\n\t\t\n\n<h3>150 GB DATOS M\u00d3VILES<\/h3>\n<h3>LLAMADAS ILIMITADAS<\/h3>\n<h4><strong><span style=\"font-size: 300%;\">13,90\u20ac<\/span><\/strong><\/h4>\n<p>\/mes IVA inc.<\/p>\n\t\t\n<style>\n#text-2376667025 {\n  font-size: 1rem;\n  color: rgb(0,0,0);\n}\n#text-2376667025 > * {\n  color: rgb(0,0,0);\n}\n<\/style>\n\t<\/div>\n\t\n<div class=\"is-divider divider clearfix\" style=\"margin-top:5px;margin-bottom:5px;max-width:80%;height:2px;background-color:rgb(254, 215, 80);\"><\/div>\n\n\t<div id=\"gap-1711577822\" class=\"gap-element clearfix\" style=\"display:block; height:auto;\">\n\t\t\n<style>\n#gap-1711577822 {\n  padding-top: 10px;\n}\n<\/style>\n\t<\/div>\n\t\n\n\n\t\t<\/div>\n\t\t\t<\/div>\n\n\t\n\n\n<style>\n#row-1476764969 > .col > .col-inner {\n  padding: 10px 10px 10px 10px;\n  background-color: rgb(255,255,255);\n}\n<\/style>\n<\/div>\n\n\t\t<\/div>\n\n\t\t\n<style>\n#section_1820365711 {\n  padding-top: 10px;\n  padding-bottom: 10px;\n  background-color: rgb(39, 54, 71);\n}\n<\/style>\n\t<\/section>\n\t\n\t<div id=\"gap-448669371\" class=\"gap-element clearfix\" style=\"display:block; height:auto;\">\n\t\t\n<style>\n#gap-448669371 {\n  padding-top: 30px;\n}\n<\/style>\n\t<\/div>\n\t\n\n\t<section class=\"section\" id=\"section_1618003606\">\n\t\t<div class=\"bg section-bg fill bg-fill  bg-loaded\" >\n\n\t\t\t\n\t\t\t\n\t\t\t\n\n\t\t<\/div>\n\n\t\t<div class=\"section-content relative\">\n\t\t\t\n\n<div class=\"row\"  id=\"row-2126348696\">\n\n\n\t<div id=\"col-1800019359\" class=\"col small-12 large-12\"  >\n\t\t<div class=\"col-inner text-center\"  >\n\t\t\t\n\t\t\t\n\n\t<div id=\"text-1548239805\" class=\"text\">\n\t\t\n\n<h1>FIBRA<\/h1>\n\t\t\n<style>\n#text-1548239805 {\n  font-size: 1.25rem;\n  color: rgb(255,255,255);\n}\n#text-1548239805 > * {\n  color: rgb(255,255,255);\n}\n<\/style>\n\t<\/div>\n\t\n\n\t\t<\/div>\n\t\t\t<\/div>\n\n\t\n\n<\/div>\n<div class=\"row row-small align-equal align-center\"  id=\"row-1143442527\">\n\n\n\t<div id=\"col-1413196092\" class=\"col medium-5 small-12 large-5\"  data-animate=\"bounceInDown\">\n\t\t<div class=\"col-inner text-center\"  >\n\t\t\t\n\t\t\t\n\n\t<div id=\"text-1385986200\" class=\"text\">\n\t\t\n\n<h3>FIBRA 600MB<\/h3>\n<h4><strong><span style=\"font-size: 300%;\">20,90\u20ac<\/span><\/strong><\/h4>\n<p>\/mes IVA inc.<\/p>\n\t\t\n<style>\n#text-1385986200 {\n  font-size: 1rem;\n  color: rgb(0,0,0);\n}\n#text-1385986200 > * {\n  color: rgb(0,0,0);\n}\n<\/style>\n\t<\/div>\n\t\n<div class=\"is-divider divider clearfix\" style=\"margin-top:5px;margin-bottom:5px;max-width:80%;height:2px;background-color:rgb(254, 215, 80);\"><\/div>\n\n\t<div id=\"gap-2111798717\" class=\"gap-element clearfix\" style=\"display:block; height:auto;\">\n\t\t\n<style>\n#gap-2111798717 {\n  padding-top: 10px;\n}\n<\/style>\n\t<\/div>\n\t\n\n\n\t\t<\/div>\n\t\t\t<\/div>\n\n\t\n\n\t<div id=\"col-564518366\" class=\"col medium-5 small-12 large-5\"  data-animate=\"fadeInDown\">\n\t\t<div class=\"col-inner text-center\"  >\n\t\t\t\n\t\t\t\n\n\t<div id=\"text-873019235\" class=\"text\">\n\t\t\n\n<h3>FIBRA 1GB<\/h3>\n<h4><strong><span style=\"font-size: 300%;\">22,90\u20ac<\/span><\/strong><\/h4>\n<p>\/mes IVA inc.<\/p>\n\t\t\n<style>\n#text-873019235 {\n  font-size: 1rem;\n  color: rgb(0,0,0);\n}\n#text-873019235 > * {\n  color: rgb(0,0,0);\n}\n<\/style>\n\t<\/div>\n\t\n<div class=\"is-divider divider clearfix\" style=\"margin-top:5px;margin-bottom:5px;max-width:80%;height:2px;background-color:rgb(254, 215, 80);\"><\/div>\n\n\t<div id=\"gap-1136742963\" class=\"gap-element clearfix\" style=\"display:block; height:auto;\">\n\t\t\n<style>\n#gap-1136742963 {\n  padding-top: 10px;\n}\n<\/style>\n\t<\/div>\n\t\n\n\n\t\t<\/div>\n\t\t\t<\/div>\n\n\t\n\n\n<style>\n#row-1143442527 > .col > .col-inner {\n  padding: 10px 10px 10px 10px;\n  background-color: rgb(255,255,255);\n}\n<\/style>\n<\/div>\n\n\t\t<\/div>\n\n\t\t\n<style>\n#section_1618003606 {\n  padding-top: 10px;\n  padding-bottom: 10px;\n  background-color: rgb(39, 54, 71);\n}\n<\/style>\n\t<\/section>\n\t\n\n","protected":false},"excerpt":{"rendered":"","protected":false},"author":1,"featured_media":0,"parent":0,"menu_order":0,"comment_status":"closed","ping_status":"closed","template":"","meta":{"_joinchat":[],"footnotes":""},"class_list":["post-80","page","type-page","status-publish","hentry"],"yoast_head":"<!-- This site is optimized with the Yoast SEO plugin v27.0 - https:\/\/yoast.com\/product\/yoast-seo-wordpress\/ -->\n<title>Fibra&amp;M\u00f3vil - Antenas Navarra S.A.<\/title>\n<meta name=\"description\" content=\"\u00bfA qu\u00e9 est\u00e1s esperando para pasarte a la velocidad y el ahorro? Contrata ya nuestros planes de Fibra y M\u00f3vil.\" \/>\n<meta name=\"robots\" content=\"index, follow, max-snippet:-1, max-image-preview:large, max-video-preview:-1\" \/>\n<link rel=\"canonical\" href=\"https:\/\/antenasnavarra.es\/index.php\/fibraymovil\/\" \/>\n<meta property=\"og:locale\" content=\"es_ES\" \/>\n<meta property=\"og:type\" content=\"article\" \/>\n<meta property=\"og:title\" content=\"Fibra&amp;M\u00f3vil - Antenas Navarra S.A.\" \/>\n<meta property=\"og:description\" content=\"\u00bfA qu\u00e9 est\u00e1s esperando para pasarte a la velocidad y el ahorro? Contrata ya nuestros planes de Fibra y M\u00f3vil.\" \/>\n<meta property=\"og:url\" content=\"https:\/\/antenasnavarra.es\/index.php\/fibraymovil\/\" \/>\n<meta property=\"og:site_name\" content=\"Antenas Navarra S.A.\" \/>\n<meta property=\"article:modified_time\" content=\"2026-02-25T10:33:22+00:00\" \/>\n<meta name=\"twitter:card\" content=\"summary_large_image\" \/>\n<meta name=\"twitter:label1\" content=\"Tiempo de lectura\" \/>\n\t<meta name=\"twitter:data1\" content=\"5 minutos\" \/>\n<script type=\"application\/ld+json\" class=\"yoast-schema-graph\">{\"@context\":\"https:\/\/schema.org\",\"@graph\":[{\"@type\":\"WebPage\",\"@id\":\"https:\/\/antenasnavarra.es\/index.php\/fibraymovil\/\",\"url\":\"https:\/\/antenasnavarra.es\/index.php\/fibraymovil\/\",\"name\":\"Fibra&M\u00f3vil - Antenas Navarra S.A.\",\"isPartOf\":{\"@id\":\"https:\/\/antenasnavarra.es\/#website\"},\"datePublished\":\"2021-03-02T14:50:28+00:00\",\"dateModified\":\"2026-02-25T10:33:22+00:00\",\"description\":\"\u00bfA qu\u00e9 est\u00e1s esperando para pasarte a la velocidad y el ahorro? Contrata ya nuestros planes de Fibra y M\u00f3vil.\",\"breadcrumb\":{\"@id\":\"https:\/\/antenasnavarra.es\/index.php\/fibraymovil\/#breadcrumb\"},\"inLanguage\":\"es\",\"potentialAction\":[{\"@type\":\"ReadAction\",\"target\":[\"https:\/\/antenasnavarra.es\/index.php\/fibraymovil\/\"]}]},{\"@type\":\"BreadcrumbList\",\"@id\":\"https:\/\/antenasnavarra.es\/index.php\/fibraymovil\/#breadcrumb\",\"itemListElement\":[{\"@type\":\"ListItem\",\"position\":1,\"name\":\"Portada\",\"item\":\"https:\/\/antenasnavarra.es\/\"},{\"@type\":\"ListItem\",\"position\":2,\"name\":\"Fibra&#038;M\u00f3vil\"}]},{\"@type\":\"WebSite\",\"@id\":\"https:\/\/antenasnavarra.es\/#website\",\"url\":\"https:\/\/antenasnavarra.es\/\",\"name\":\"Antenas Navarra S.A.\",\"description\":\"\",\"potentialAction\":[{\"@type\":\"SearchAction\",\"target\":{\"@type\":\"EntryPoint\",\"urlTemplate\":\"https:\/\/antenasnavarra.es\/?s={search_term_string}\"},\"query-input\":{\"@type\":\"PropertyValueSpecification\",\"valueRequired\":true,\"valueName\":\"search_term_string\"}}],\"inLanguage\":\"es\"}]}<\/script>\n<!-- \/ Yoast SEO plugin. -->","yoast_head_json":{"title":"Fibra&M\u00f3vil - Antenas Navarra S.A.","description":"\u00bfA qu\u00e9 est\u00e1s esperando para pasarte a la velocidad y el ahorro? Contrata ya nuestros planes de Fibra y M\u00f3vil.","robots":{"index":"index","follow":"follow","max-snippet":"max-snippet:-1","max-image-preview":"max-image-preview:large","max-video-preview":"max-video-preview:-1"},"canonical":"https:\/\/antenasnavarra.es\/index.php\/fibraymovil\/","og_locale":"es_ES","og_type":"article","og_title":"Fibra&M\u00f3vil - Antenas Navarra S.A.","og_description":"\u00bfA qu\u00e9 est\u00e1s esperando para pasarte a la velocidad y el ahorro? Contrata ya nuestros planes de Fibra y M\u00f3vil.","og_url":"https:\/\/antenasnavarra.es\/index.php\/fibraymovil\/","og_site_name":"Antenas Navarra S.A.","article_modified_time":"2026-02-25T10:33:22+00:00","twitter_card":"summary_large_image","twitter_misc":{"Tiempo de lectura":"5 minutos"},"schema":{"@context":"https:\/\/schema.org","@graph":[{"@type":"WebPage","@id":"https:\/\/antenasnavarra.es\/index.php\/fibraymovil\/","url":"https:\/\/antenasnavarra.es\/index.php\/fibraymovil\/","name":"Fibra&M\u00f3vil - Antenas Navarra S.A.","isPartOf":{"@id":"https:\/\/antenasnavarra.es\/#website"},"datePublished":"2021-03-02T14:50:28+00:00","dateModified":"2026-02-25T10:33:22+00:00","description":"\u00bfA qu\u00e9 est\u00e1s esperando para pasarte a la velocidad y el ahorro? Contrata ya nuestros planes de Fibra y M\u00f3vil.","breadcrumb":{"@id":"https:\/\/antenasnavarra.es\/index.php\/fibraymovil\/#breadcrumb"},"inLanguage":"es","potentialAction":[{"@type":"ReadAction","target":["https:\/\/antenasnavarra.es\/index.php\/fibraymovil\/"]}]},{"@type":"BreadcrumbList","@id":"https:\/\/antenasnavarra.es\/index.php\/fibraymovil\/#breadcrumb","itemListElement":[{"@type":"ListItem","position":1,"name":"Portada","item":"https:\/\/antenasnavarra.es\/"},{"@type":"ListItem","position":2,"name":"Fibra&#038;M\u00f3vil"}]},{"@type":"WebSite","@id":"https:\/\/antenasnavarra.es\/#website","url":"https:\/\/antenasnavarra.es\/","name":"Antenas Navarra S.A.","description":"","potentialAction":[{"@type":"SearchAction","target":{"@type":"EntryPoint","urlTemplate":"https:\/\/antenasnavarra.es\/?s={search_term_string}"},"query-input":{"@type":"PropertyValueSpecification","valueRequired":true,"valueName":"search_term_string"}}],"inLanguage":"es"}]}},"_links":{"self":[{"href":"https:\/\/antenasnavarra.es\/index.php\/wp-json\/wp\/v2\/pages\/80","targetHints":{"allow":["GET"]}}],"collection":[{"href":"https:\/\/antenasnavarra.es\/index.php\/wp-json\/wp\/v2\/pages"}],"about":[{"href":"https:\/\/antenasnavarra.es\/index.php\/wp-json\/wp\/v2\/types\/page"}],"author":[{"embeddable":true,"href":"https:\/\/antenasnavarra.es\/index.php\/wp-json\/wp\/v2\/users\/1"}],"replies":[{"embeddable":true,"href":"https:\/\/antenasnavarra.es\/index.php\/wp-json\/wp\/v2\/comments?post=80"}],"version-history":[{"count":80,"href":"https:\/\/antenasnavarra.es\/index.php\/wp-json\/wp\/v2\/pages\/80\/revisions"}],"predecessor-version":[{"id":50327,"href":"https:\/\/antenasnavarra.es\/index.php\/wp-json\/wp\/v2\/pages\/80\/revisions\/50327"}],"wp:attachment":[{"href":"https:\/\/antenasnavarra.es\/index.php\/wp-json\/wp\/v2\/media?parent=80"}],"curies":[{"name":"wp","href":"https:\/\/api.w.org\/{rel}","templated":true}]}}