{"id":50232,"date":"2023-11-03T09:39:15","date_gmt":"2023-11-03T08:39:15","guid":{"rendered":"https:\/\/antenasnavarra.es\/?page_id=50232"},"modified":"2023-11-03T10:00:44","modified_gmt":"2023-11-03T09:00:44","slug":"aviso-legal","status":"publish","type":"page","link":"https:\/\/antenasnavarra.es\/index.php\/aviso-legal\/","title":{"rendered":"Aviso legal"},"content":{"rendered":"\n<h2 class=\"wp-block-heading\">Aviso legal<\/h2>\n\n\n\n<p>ANTENAS NAVARRA, S.A. responsable del sitio web, en adelante RESPONSABLE, pone a disposici\u00f3n de los usuarios el presente documento, con el que pretende dar cumplimiento a las obligaciones dispuestas en la Ley 34\/2002, de 11 de julio, de Servicios de la Sociedad de la Informaci\u00f3n y de Comercio Electr\u00f3nico (LSSICE), BOE N \u00ba 166, as\u00ed como informar a todos los usuarios del sitio web respecto a cu\u00e1les son las condiciones de uso.<\/p>\n\n\n\n<p>Toda persona que acceda a este sitio web asume el papel de usuario, comprometi\u00e9ndose a la observancia y cumplimiento riguroso de las disposiciones aqu\u00ed dispuestas, as\u00ed como a cualquier otra disposici\u00f3n legal que fuera de aplicaci\u00f3n.<\/p>\n\n\n\n<p>ANTENAS NAVARRA, S.A. se reserva el derecho de modificar cualquier tipo de informaci\u00f3n que pudiera aparecer en el sitio web, sin que exista obligaci\u00f3n de preavisar o poner en conocimiento de los usuarios dichas obligaciones, entendi\u00e9ndose como suficiente con la publicaci\u00f3n en el sitio web.<\/p>\n\n\n\n<p><strong>1. Datos identificativos <\/strong><\/p>\n\n\n\n<p>Nombre de dominio: www.antenasnavarra.es<\/p>\n\n\n\n<p>Nombre comercial: ANTENAS NAVARRA<\/p>\n\n\n\n<p>Denominaci\u00f3n social: ANTENAS NAVARRA, S.A.<\/p>\n\n\n\n<p>NIF: A31116700<\/p>\n\n\n\n<p>Domicilio social: Traves\u00eda de Bayona, 1 1\u00baH 31011 Pamplona (Navarra) Tel\u00e9fono: 948254746 e-mail: administracion@antenasnavarra.es<\/p>\n\n\n\n<p>Inscrita en el Registro Mercantil de Navarra (Tomo: 476 Gral 267-Sec3\u00aa Folio: 167 Hoja: 4598 inscripci\u00f3n 1\u00aa).<\/p>\n\n\n\n<p><strong>2. Derechos de propiedad intelectual e industrial<\/strong><\/p>\n\n\n\n<p>El sitio web, incluyendo a t\u00edtulo enunciativo pero no limitativo su programaci\u00f3n, edici\u00f3n, compilaci\u00f3n y dem\u00e1s elementos necesarios para su funcionamiento, los dise\u00f1os, logotipos, texto y\/o gr\u00e1ficos, son propiedad del RESPONSABLE o, si es el caso, dispone de licencia o autorizaci\u00f3n expresa por parte de los autores.<\/p>\n\n\n\n<p>Todos los contenidos del sitio web se encuentran debidamente protegidos por la normativa de propiedad intelectual e industrial, as\u00ed como inscritos en los registros p\u00fablicos correspondientes.<\/p>\n\n\n\n<p>Independientemente de la finalidad para la que fueran destinados, la reproducci\u00f3n total o parcial, uso, explotaci\u00f3n, distribuci\u00f3n y comercializaci\u00f3n, requiere en todo caso de la autorizaci\u00f3n escrita previa por parte del RESPONSABLE. Cualquier uso no autorizado previamente se considera un incumplimiento grave de los derechos de propiedad intelectual o industrial del autor. Los dise\u00f1os, logotipos, texto y\/o gr\u00e1ficos ajenos al RESPONSABLE y que pudieran aparecer en el sitio web, pertenecen a sus respectivos propietarios, siendo ellos mismos responsables de cualquier posible controversia que pudiera suscitarse respecto a los mismos.<\/p>\n\n\n\n<p>Para realizar cualquier tipo de observaci\u00f3n respecto a posibles incumplimientos de los derechos de propiedad intelectual o industrial, as\u00ed como sobre cualquiera de los contenidos del sitio web, puede hacerlo a trav\u00e9s del correo electr\u00f3nico que se indica en el encabezamiento.<\/p>\n\n\n\n<p><strong>3. Condiciones de acceso al sitio web <\/strong><\/p>\n\n\n\n<p>Este Aviso Legal regula el acceso y utilizaci\u00f3n de la p\u00e1gina web que ANTENAS NAVARRA, S.A. pone a la disposici\u00f3n de los usuarios de Internet.<\/p>\n\n\n\n<p>Se considera usuario la persona que acceda, navegue, utilice o participe en los servicios y actividades de la p\u00e1gina web.<\/p>\n\n\n\n<p>El usuario queda informado, y acepta, que el acceso a la presente web no supone, en modo alguno, el inicio de una relaci\u00f3n comercial con ANTENAS NAVARRA, S.A.. El acceso y navegaci\u00f3n en el sitio web por parte del usuario supone la aceptaci\u00f3n de la totalidad de las presentes Condiciones de Uso. En caso de desacuerdo con las condiciones debe abstenerse a usar el sitio web.<\/p>\n\n\n\n<p><strong>4. Objeto<\/strong><\/p>\n\n\n\n<p>antenasnavarra.es es la Web oficial de la empresa ANTENAS NAVARRA, S.A.<\/p>\n\n\n\n<p>La p\u00e1gina pretende trasladar a todos los usuarios interesados informaci\u00f3n sobre nuestra empresa, servicios que ofrecemos y posibilitar el contacto.<\/p>\n\n\n\n<p><strong>5. Responsabilidades<\/strong><\/p>\n\n\n\n<p>ANTENAS NAVARRA, S.A. declara que ha adoptado las medidas necesarias que, dentro de sus posibilidades y el estado de la tecnolog\u00eda, permitan el correcto funcionamiento de su sitio web as\u00ed como la ausencia de virus y componentes da\u00f1inos. Sin embargo, ANTENAS NAVARRA, S.A. no puede hacerse responsable de las siguientes situaciones que se enumeran a t\u00edtulo enunciativo, pero no limitativo:<\/p>\n\n\n\n<p>\u00b7 La continuidad y disponibilidad de los Contenidos.<\/p>\n\n\n\n<p>\u00b7 La ausencia de errores en dichos Contenidos ni la correcci\u00f3n de cualquier defecto que pudiera ocurrir.<\/p>\n\n\n\n<p>\u00b7 La ausencia de virus y\/o dem\u00e1s componentes da\u00f1inos.<\/p>\n\n\n\n<p>\u00b7 Los da\u00f1os o perjuicios que cause cualquier persona que vulnere los sistemas de seguridad de ANTENAS NAVARRA, S.A.<\/p>\n\n\n\n<p>\u00b7 El uso que los usuarios puedan hacer de los contenidos incluidos en el web. En consecuencia ANTENAS NAVARRA, S.A. no garantiza que el uso que los usuarios puedan hacer de los contenidos que en su caso se incluyan en el sitio web, se ajusten al presente aviso legal, ni que el uso del sitio web se realice de forma diligente.<\/p>\n\n\n\n<p>\u00b7 El uso por menores de edad del sitio web o del env\u00edo de sus datos personales sin el permiso de sus tutores, siendo los tutores responsables del uso que hagan de Internet.<\/p>\n\n\n\n<p>\u00b7 Los contenidos a los que el usuario pueda acceder a trav\u00e9s de enlaces no autorizados o introducidos por usuarios mediante comentarios o herramientas similares.<\/p>\n\n\n\n<p>\u00b7 La introducci\u00f3n de datos err\u00f3neos por parte del usuario o de un tercero.<\/p>\n\n\n\n<p>ANTENAS NAVARRA, S.A. podr\u00e1 suspender temporalmente y sin previo aviso, la accesibilidad al sitio web con motivo de operaciones de mantenimiento, reparaci\u00f3n, actualizaci\u00f3n o mejora. No obstante, siempre que las circunstancias lo permitan, ANTENAS NAVARRA, S.A. comunicar\u00e1 al usuario, con antelaci\u00f3n suficiente, la fecha prevista para la suspensi\u00f3n de los contenidos. Asimismo, de conformidad con los arts. 11 y 16 de la Ley 34\/2002, de 11 de julio, de servicios de la sociedad de la informaci\u00f3n y de comercio electr\u00f3nico (LSSICE), ANTENAS NAVARRA, S.A. se compromete a la eliminaci\u00f3n o, en su caso, bloqueo de los contenidos que pudieran afectar o ser contrarios a la legislaci\u00f3n vigente, los derechos de terceros o la moral y orden p\u00fablico.<\/p>\n\n\n\n<p><strong>6. Pol\u00edtica de protecci\u00f3n de datos<\/strong><\/p>\n\n\n\n<p>Puede leer qu\u00e9 datos recopilamos y c\u00f3mo tratamos los datos personales en la POL\u00cdTICA DE PRIVACIDAD<\/p>\n\n\n\n<p><strong>7. Enlaces a otros sitios web<\/strong><\/p>\n\n\n\n<p>La presencia de enlaces (links) en la p\u00e1gina web de ANTENAS NAVARRA, S.A. hacia otros sitios de Internet tiene finalidad meramente informativa. ANTENAS NAVARRA, S.A. no asumir\u00e1 responsabilidad por los contenidos de un enlace perteneciente a un sitio Web ajeno, ni garantizar\u00e1 la fiabilidad, exactitud, amplitud, veracidad, validez y disponibilidad t\u00e9cnica.<\/p>\n\n\n\n<p>En el caso de que en otros sitios web se establezcan enlaces a la p\u00e1gina web ANTENAS NAVARRA, S.A. no se entender\u00e1 que ANTENAS NAVARRA, S.A. ha autorizado el enlace o el contenido del sitio web en el que se contiene el enlace, tampoco podr\u00e1 incluirse en la p\u00e1gina del enlace contenidos inapropiados, difamatorios, ilegales, obscenos o il\u00edcitos, ni otros contenidos que sean contrarios a la legalidad vigente.<\/p>\n\n\n\n<p>ANTENAS NAVARRA, S.A. se reserva la posibilidad de contactar con el propietario del sitio web en el que se establezca el enlace si considera que se incumple la normativa, as\u00ed como de ejercitar las correspondientes acciones judiciales y extrajudiciales.<\/p>\n\n\n\n<p><strong>8. Jurisdicci\u00f3n y ley aplicable<\/strong><\/p>\n\n\n\n<p>Con car\u00e1cter general las relaciones entre ANTENAS NAVARRA, S.A. y los usuarios de sus servicios telem\u00e1ticos, presentes en la web, se encuentran sometidas a la legislaci\u00f3n y jurisdicci\u00f3n espa\u00f1olas. Las partes renuncian expresamente al fuero que les pudiera corresponder y someten expresamente a los Juzgados y Tribunales de Pamplona para resolver cualquier controversia que pueda surgir en la interpretaci\u00f3n o ejecuci\u00f3n de las presentes condiciones contractuales.<\/p>\n\n\n\n<p><strong>9. Modificaci\u00f3n de las condiciones<\/strong><\/p>\n\n\n\n<p>ANTENAS NAVARRA, S.A. se reserva el derecho a modificar unilateralmente, total o parcialmente, sin necesidad de previo aviso, el presente AVISO LEGAL. El usuario reconoce y acepta que es su responsabilidad revisar peri\u00f3dicamente el presente Aviso Legal.<\/p>\n\n\n\n<p>\u00daltima actualizaci\u00f3n el 30 de Junio de 2022<\/p>\n\n\n\n<p><\/p>\n\n\n","protected":false},"excerpt":{"rendered":"<p>Aviso legal ANTENAS NAVARRA, S.A. responsable del sitio web, en adelante RESPONSABLE, pone a disposici\u00f3n de los usuarios el presente documento, con el que pretende dar cumplimiento a las obligaciones dispuestas en la Ley 34\/2002, de 11 de julio, de Servicios de la Sociedad de la Informaci\u00f3n y de Comercio Electr\u00f3nico (LSSICE), BOE N \u00ba [&#8230;]\n","protected":false},"author":1,"featured_media":0,"parent":0,"menu_order":0,"comment_status":"closed","ping_status":"closed","template":"","meta":{"_joinchat":[],"footnotes":""},"class_list":["post-50232","page","type-page","status-publish","hentry"],"yoast_head":"<!-- This site is optimized with the Yoast SEO plugin v27.0 - https:\/\/yoast.com\/product\/yoast-seo-wordpress\/ -->\n<title>Aviso legal - Antenas Navarra S.A.<\/title>\n<meta name=\"robots\" content=\"index, follow, max-snippet:-1, max-image-preview:large, max-video-preview:-1\" \/>\n<link rel=\"canonical\" href=\"https:\/\/antenasnavarra.es\/index.php\/aviso-legal\/\" \/>\n<meta property=\"og:locale\" content=\"es_ES\" \/>\n<meta property=\"og:type\" content=\"article\" \/>\n<meta property=\"og:title\" content=\"Aviso legal - Antenas Navarra S.A.\" \/>\n<meta property=\"og:description\" content=\"Aviso legal ANTENAS NAVARRA, S.A. responsable del sitio web, en adelante RESPONSABLE, pone a disposici\u00f3n de los usuarios el presente documento, con el que pretende dar cumplimiento a las obligaciones dispuestas en la Ley 34\/2002, de 11 de julio, de Servicios de la Sociedad de la Informaci\u00f3n y de Comercio Electr\u00f3nico (LSSICE), BOE N \u00ba [...]\" \/>\n<meta property=\"og:url\" content=\"https:\/\/antenasnavarra.es\/index.php\/aviso-legal\/\" \/>\n<meta property=\"og:site_name\" content=\"Antenas Navarra S.A.\" \/>\n<meta property=\"article:modified_time\" content=\"2023-11-03T09:00:44+00:00\" \/>\n<meta name=\"twitter:card\" content=\"summary_large_image\" \/>\n<meta name=\"twitter:label1\" content=\"Tiempo de lectura\" \/>\n\t<meta name=\"twitter:data1\" content=\"7 minutos\" \/>\n<script type=\"application\/ld+json\" class=\"yoast-schema-graph\">{\"@context\":\"https:\/\/schema.org\",\"@graph\":[{\"@type\":\"WebPage\",\"@id\":\"https:\/\/antenasnavarra.es\/index.php\/aviso-legal\/\",\"url\":\"https:\/\/antenasnavarra.es\/index.php\/aviso-legal\/\",\"name\":\"Aviso legal - Antenas Navarra S.A.\",\"isPartOf\":{\"@id\":\"https:\/\/antenasnavarra.es\/#website\"},\"datePublished\":\"2023-11-03T08:39:15+00:00\",\"dateModified\":\"2023-11-03T09:00:44+00:00\",\"breadcrumb\":{\"@id\":\"https:\/\/antenasnavarra.es\/index.php\/aviso-legal\/#breadcrumb\"},\"inLanguage\":\"es\",\"potentialAction\":[{\"@type\":\"ReadAction\",\"target\":[\"https:\/\/antenasnavarra.es\/index.php\/aviso-legal\/\"]}]},{\"@type\":\"BreadcrumbList\",\"@id\":\"https:\/\/antenasnavarra.es\/index.php\/aviso-legal\/#breadcrumb\",\"itemListElement\":[{\"@type\":\"ListItem\",\"position\":1,\"name\":\"Portada\",\"item\":\"https:\/\/antenasnavarra.es\/\"},{\"@type\":\"ListItem\",\"position\":2,\"name\":\"Aviso legal\"}]},{\"@type\":\"WebSite\",\"@id\":\"https:\/\/antenasnavarra.es\/#website\",\"url\":\"https:\/\/antenasnavarra.es\/\",\"name\":\"Antenas Navarra S.A.\",\"description\":\"\",\"potentialAction\":[{\"@type\":\"SearchAction\",\"target\":{\"@type\":\"EntryPoint\",\"urlTemplate\":\"https:\/\/antenasnavarra.es\/?s={search_term_string}\"},\"query-input\":{\"@type\":\"PropertyValueSpecification\",\"valueRequired\":true,\"valueName\":\"search_term_string\"}}],\"inLanguage\":\"es\"}]}<\/script>\n<!-- \/ Yoast SEO plugin. -->","yoast_head_json":{"title":"Aviso legal - Antenas Navarra S.A.","robots":{"index":"index","follow":"follow","max-snippet":"max-snippet:-1","max-image-preview":"max-image-preview:large","max-video-preview":"max-video-preview:-1"},"canonical":"https:\/\/antenasnavarra.es\/index.php\/aviso-legal\/","og_locale":"es_ES","og_type":"article","og_title":"Aviso legal - Antenas Navarra S.A.","og_description":"Aviso legal ANTENAS NAVARRA, S.A. responsable del sitio web, en adelante RESPONSABLE, pone a disposici\u00f3n de los usuarios el presente documento, con el que pretende dar cumplimiento a las obligaciones dispuestas en la Ley 34\/2002, de 11 de julio, de Servicios de la Sociedad de la Informaci\u00f3n y de Comercio Electr\u00f3nico (LSSICE), BOE N \u00ba [...]","og_url":"https:\/\/antenasnavarra.es\/index.php\/aviso-legal\/","og_site_name":"Antenas Navarra S.A.","article_modified_time":"2023-11-03T09:00:44+00:00","twitter_card":"summary_large_image","twitter_misc":{"Tiempo de lectura":"7 minutos"},"schema":{"@context":"https:\/\/schema.org","@graph":[{"@type":"WebPage","@id":"https:\/\/antenasnavarra.es\/index.php\/aviso-legal\/","url":"https:\/\/antenasnavarra.es\/index.php\/aviso-legal\/","name":"Aviso legal - Antenas Navarra S.A.","isPartOf":{"@id":"https:\/\/antenasnavarra.es\/#website"},"datePublished":"2023-11-03T08:39:15+00:00","dateModified":"2023-11-03T09:00:44+00:00","breadcrumb":{"@id":"https:\/\/antenasnavarra.es\/index.php\/aviso-legal\/#breadcrumb"},"inLanguage":"es","potentialAction":[{"@type":"ReadAction","target":["https:\/\/antenasnavarra.es\/index.php\/aviso-legal\/"]}]},{"@type":"BreadcrumbList","@id":"https:\/\/antenasnavarra.es\/index.php\/aviso-legal\/#breadcrumb","itemListElement":[{"@type":"ListItem","position":1,"name":"Portada","item":"https:\/\/antenasnavarra.es\/"},{"@type":"ListItem","position":2,"name":"Aviso legal"}]},{"@type":"WebSite","@id":"https:\/\/antenasnavarra.es\/#website","url":"https:\/\/antenasnavarra.es\/","name":"Antenas Navarra S.A.","description":"","potentialAction":[{"@type":"SearchAction","target":{"@type":"EntryPoint","urlTemplate":"https:\/\/antenasnavarra.es\/?s={search_term_string}"},"query-input":{"@type":"PropertyValueSpecification","valueRequired":true,"valueName":"search_term_string"}}],"inLanguage":"es"}]}},"_links":{"self":[{"href":"https:\/\/antenasnavarra.es\/index.php\/wp-json\/wp\/v2\/pages\/50232","targetHints":{"allow":["GET"]}}],"collection":[{"href":"https:\/\/antenasnavarra.es\/index.php\/wp-json\/wp\/v2\/pages"}],"about":[{"href":"https:\/\/antenasnavarra.es\/index.php\/wp-json\/wp\/v2\/types\/page"}],"author":[{"embeddable":true,"href":"https:\/\/antenasnavarra.es\/index.php\/wp-json\/wp\/v2\/users\/1"}],"replies":[{"embeddable":true,"href":"https:\/\/antenasnavarra.es\/index.php\/wp-json\/wp\/v2\/comments?post=50232"}],"version-history":[{"count":7,"href":"https:\/\/antenasnavarra.es\/index.php\/wp-json\/wp\/v2\/pages\/50232\/revisions"}],"predecessor-version":[{"id":50241,"href":"https:\/\/antenasnavarra.es\/index.php\/wp-json\/wp\/v2\/pages\/50232\/revisions\/50241"}],"wp:attachment":[{"href":"https:\/\/antenasnavarra.es\/index.php\/wp-json\/wp\/v2\/media?parent=50232"}],"curies":[{"name":"wp","href":"https:\/\/api.w.org\/{rel}","templated":true}]}}